{"id":93,"date":"2025-11-06T19:37:30","date_gmt":"2025-11-07T01:37:30","guid":{"rendered":"https:\/\/desarrollarte.mx\/inicio\/?page_id=93"},"modified":"2026-01-02T15:56:29","modified_gmt":"2026-01-02T21:56:29","slug":"regulacion","status":"publish","type":"page","link":"https:\/\/desarrollarte.mx\/inicio\/regulacion\/","title":{"rendered":"Regulaci\u00f3n"},"content":{"rendered":"\n\n\n\n\n\n\n\n\n\n\ncONDUSEF\n<div style=\"text-align: center;\">\n  <p>Comisi\u00f3n Nacional para la Protecci\u00f3n y Defensa de los Usuarios de Servicios Financieros.<\/p>\n<\/div>\n<p><br><\/p>\n\n\n\n\n<p style=\"text-align: justify;\">Es una instituci\u00f3n del gobierno federal en M\u00e9xico cuya funci\u00f3n principal es proteger, orientar y defender a las personas que usan productos o servicios financieros, como cuentas bancarias, tarjetas de cr\u00e9dito, seguros, pr\u00e9stamos, afores, etc.<\/p>\n\n\n\n\n\n\n\n\n\n<p style=\"text-align: justify;\"><span style=\"text-align: center;\">asesoria@condusef.gob.mx<\/span><\/p>\n\n\n\n\n\n\n\n\n\n<font dir=\"auto\" style=\"color: rgb(97, 97, 97); font-family: Poppins; font-size: 14px; text-align: center; vertical-align: inherit;\">55 5340 0999<\/font>\n\n\n\n\n\n\n\n\n\n\n\n<p style=\"color: white; text-align: center;\"><font dir=\"auto\" style=\"vertical-align: inherit;\"><font dir=\"auto\" style=\"vertical-align: inherit;\"><br>Cuenta EL Bur\u00f3 de Entidades Financieras&nbsp;<\/font><\/font><\/p>\n<p style=\"color: white; text-align: center;\"><font dir=\"auto\" style=\"vertical-align: inherit;\"><font dir=\"auto\" style=\"vertical-align: inherit;\">con informaci\u00f3n de 1667 con estatus de operaci\u00f3n.<\/font><\/font><\/p>\n\n\n\nBUR\u00d3 DE ENTIDADES FINANCIERAS\n\n\n\n\n<p style=\"text-align: justify; font-family: Poppins;\">Es una herramienta de consulta y difusi\u00f3n con la que podr\u00e1s conocer los productos que ofrecen las entidades financieras, sus comisiones y tasas, las reclamaciones de los usuarios, las pr\u00e1cticas no sanas en que incurren, las sanciones administrativas que les han impuesto,<span style=\"font-family:Poppins;\"><\/span> las cl\u00e1usulas abusivas de sus contratos y otra informaci\u00f3n que resulte relevante para informarte sobre su desempe\u00f1o.<\/p>\n\n\n\n\n\n\n<p style=\"text-align: justify; font-family: Poppins;\">El Bur\u00f3 de Entidades Financieras permite identificar y comparar el desempe\u00f1o de bancos, aseguradoras, SOFOMES, cajas de ahorro, afores y otras entid<span style=\"font-family:Poppins;\"><\/span>ades. Su objetivo es brindar informaci\u00f3n clara para que los usuarios elijan mejor los productos y servicios financieros, favoreciendo un uso responsable de los mismos. Al promover transparencia y competencia, contribuye a mejorar las finanzas personales y el bienestar social. Adem\u00e1s, incluye informaci\u00f3n sobre el desempe\u00f1o de <em><span style=\"color: #fa830f;\"><strong>Apoyo y Servicio para el Desarrollo Rural y Urbano S.A. de C.V. SOFOM ENR<\/strong><\/span><\/em> en la atenci\u00f3n a sus usuarios.<\/p>\n\n\n\n\n\n\n\n\n\n\n\nASOFOM\nAsociaci\u00f3n de Sociedades Financieras de Objeto M\u00faltiple de M\u00e9xico.\n\n\n\n\n\n<p style=\"text-align: justify;\">Es la Asociaci\u00f3n de IFNB m\u00e1s grande de LATAM, con m\u00e1s de 200 Entidades Financieras asociadas. Es el organismo m\u00e1s representativo y vinculante que impulsa la visibilidad de las SOFOMes como actores determinantes en el desarrollo del Sistema Financiero Mexicano ante los sectores p\u00fablico, privado y organizaciones no gubernamentales.<\/p>\n\n\n\n\n\n\n\n\n\n<p style=\"text-align: justify;\">info@asofom.mx<\/p>\n\n\n\n\n\n\n\n\n\n<p>55 9000 4959<\/p>\n\n\n\n\n\n\n\n\n\n\n\n<h2>RESTRICCIONES<\/h2>\n<p><br><\/p>\n<p style=\"color: white; text-align: justify;\"><span style=\"color: #fa830f;\"><strong>COSTO ANUAL TOTAL (CAT) PROMEDIO PARA CREDITO INDIVIDUAL&nbsp; 382.7% Sin IVA Y COSTO ANUAL TOTAL (CAT) PROMEDIO PARA CREDITO GRUPAL 253.7% Sin IVA&nbsp;<\/strong><\/span>, Calculado al 1 de enero de 2025, para fines informativos y de comparaci\u00f3n. \u201cVigencia hasta el 31 de Diciembre de 2025\u201d.<\/p>\n\n<p style=\" color: white; text-align: justify;\">;T\u00e9rminos sujetos a cambios sin previo aviso, seg\u00fan las condiciones espec\u00edficas del producto ofrecido por \u201cDESARROLLARTE\u201d. <\/p>\n\n\n\n\n<p style=\"color: white; text-align: justify;\"><span style=\"color: #fa830f;\">\u201cApoyo y Servicio para el Desarrollo Rural y Urbano S. A de C.V. SOFOM ENR\u201d<\/span> para su constituci\u00f3n y operaci\u00f3n con tal car\u00e1cter, no requiere de autorizaci\u00f3n de la Secretar\u00eda de Hacienda y Cr\u00e9dito P\u00fablico y est\u00e1 sujeta a la supervisi\u00f3n de la Comisi\u00f3n Nacional Bancaria y de Valores, \u00fanicamente para efectos de lo dispuesto por el art\u00edculo 56 de esta Ley.\u201d<\/p>\n\n<p style=\"color: white; text-align: justify;\">\u00abCondiciones sujetas a condiciones de cr\u00e9dito vigentes y de acuerdo a las condiciones espec\u00edficas del producto \u201cDESARROLLARTE\u201d, <span style=\"color: #fa830f;\"><strong>CAT 382.7% Sin IVA para cr\u00e9dito Individual y CAT 253.7% Sin IVA para cr\u00e9dito Grupal<\/strong><\/span>, tasa de inter\u00e9s promedio ponderada UNIDAD DE CUENTA, comisi\u00f3n anual $0.00, para fines informativos y de comparaci\u00f3n calculado al 01 de Julio de 2025. \u201cVigencia de la oferta 31 de Diciembre de 2025\u201d. Aplica en todos los estados de la Rep\u00fablica Mexicana donde \u201cDESARROLLARTE\u201d tiene presencia. Informes sobre las condiciones aplicables, requisitos, t\u00e9rminos y condiciones de contrataci\u00f3n al n\u00famero 55-28-73-30-51 ext. 1101.\u00bb<\/p>\n\n\n<p style=\"color: white; text-align: justify;\">Estoy enterado del contenido de aviso de privacidad de <span style=\"color: #fa830f;\">APOYO Y SERVICIO PARA EL DESARROLLO RURAL Y URBANO S. A. DE C. V. SOFOM ENR<\/span> y sus alcances legales con fundamento en lo dispuesto por la Ley Federal de Protecci\u00f3n de Datos Personales en posesi\u00f3n de particulares y su reglamento, para lo cual otorgo de manera voluntaria el m\u00e1s amplio consentimiento y facultad a la empresa <span style=\"color: #fa830f;\">APOYO Y SERVICIO PARA EL DESARROLLO RURAL Y URBANO S. A. DE C. V. SOFOM ENR<\/span> a utilizar mis datos personales. <span style=\"color: #fa830f;\">APOYO Y SERVICIO PARA EL DESARROLLO RURAL Y URBANO S. A. DE C. V. SOFOM ENR<\/span> se reserva el derecho de cambiar, modificar, complementar y\/o alterar el presente aviso, en cualquier momento, en cuyo caso se har\u00e1 de su consentimiento a trav\u00e9s de (falta una palabra) que establezca la legislaci\u00f3n en la materia.<\/p>\n\n\n\n\n","protected":false},"excerpt":{"rendered":"","protected":false},"author":1,"featured_media":0,"parent":0,"menu_order":5,"comment_status":"closed","ping_status":"closed","template":"","meta":{"pagelayer_contact_templates":[],"_pagelayer_content":"","footnotes":""},"class_list":["post-93","page","type-page","status-publish","hentry"],"_links":{"self":[{"href":"https:\/\/desarrollarte.mx\/inicio\/wp-json\/wp\/v2\/pages\/93","targetHints":{"allow":["GET"]}}],"collection":[{"href":"https:\/\/desarrollarte.mx\/inicio\/wp-json\/wp\/v2\/pages"}],"about":[{"href":"https:\/\/desarrollarte.mx\/inicio\/wp-json\/wp\/v2\/types\/page"}],"author":[{"embeddable":true,"href":"https:\/\/desarrollarte.mx\/inicio\/wp-json\/wp\/v2\/users\/1"}],"replies":[{"embeddable":true,"href":"https:\/\/desarrollarte.mx\/inicio\/wp-json\/wp\/v2\/comments?post=93"}],"version-history":[{"count":139,"href":"https:\/\/desarrollarte.mx\/inicio\/wp-json\/wp\/v2\/pages\/93\/revisions"}],"predecessor-version":[{"id":1127,"href":"https:\/\/desarrollarte.mx\/inicio\/wp-json\/wp\/v2\/pages\/93\/revisions\/1127"}],"wp:attachment":[{"href":"https:\/\/desarrollarte.mx\/inicio\/wp-json\/wp\/v2\/media?parent=93"}],"curies":[{"name":"wp","href":"https:\/\/api.w.org\/{rel}","templated":true}]}}