{"id":89,"date":"2025-11-06T19:33:15","date_gmt":"2025-11-07T01:33:15","guid":{"rendered":"https:\/\/desarrollarte.mx\/inicio\/?page_id=89"},"modified":"2026-02-25T10:14:24","modified_gmt":"2026-02-25T16:14:24","slug":"sucursales","status":"publish","type":"page","link":"https:\/\/desarrollarte.mx\/inicio\/sucursales\/","title":{"rendered":"Sucursales"},"content":{"rendered":"\n\n\n\n\n\n\n\n<h2>Conoce las ubicaciones de nuestras sucursales.<\/h2>\n\n\n\n\n\n\n\n\n<h2>CDMX<\/h2>\n<p><span style=\"font-weight: bolder; color: rgb(0, 0, 0); font-family: Arial, Helvetica, sans-serif; font-size: 16px;\">Administradora: Zaira Gabriela Cort\u00e9s Mart\u00ednez.<\/span><\/p>\n<p><span style=\"color: rgb(0, 0, 0); font-family: Arial, Helvetica, sans-serif; font-size: 16px;\"><strong>Domicilio:<\/strong>&nbsp;<\/span><span style=\"font-family: Aptos, sans-serif; font-size: 12pt; color: rgb(0, 0, 0);\">Calle\nHeraldo No. 86, piso 2 despacho 1, Col. Del recreo, Alcald\u00eda Azcapotzalco, C.P.\n02070, Ciudad de M\u00e9xico.<\/span><\/p>\n<p><span style=\"color: rgb(0, 0, 0); font-family: Arial, Helvetica, sans-serif; font-size: 16px;\"><strong>Horario:<\/strong> Lunes a viernes de 9:00 a 17:00 HRS.<\/span><strong><br style=\"color: rgb(0, 0, 0); font-family: Arial, Helvetica, sans-serif; font-size: 16px;\"><\/strong><span style=\"color: rgb(0, 0, 0); font-family: Arial, Helvetica, sans-serif; font-size: 16px;\"><strong>Tel\u00e9fonos:<\/strong>&nbsp;55 2873 3051&nbsp;<\/span><span style=\"font-weight: bolder; color: rgb(0, 0, 0); font-family: Arial, Helvetica, sans-serif; font-size: 16px;\">ext. 1101<\/span><span style=\"color: rgb(0, 0, 0); font-family: Arial, Helvetica, sans-serif; font-size: 16px;\">&nbsp;&nbsp;<\/span><\/p>\n<p><span style=\"font-weight: bolder; color: rgb(0, 0, 0); font-family: Arial, Helvetica, sans-serif; font-size: 16px;\">Correo: unecontacto@desarrollarte.mx<\/span><\/p>\n19.47052066145201, -99.1844604554203\n\n\n\n\n\n\n<h2>tOLUCA<\/h2>\n<p><span style=\"font-weight: bolder; color: rgb(0, 0, 0); font-family: Arial, Helvetica, sans-serif; font-size: 16px;\">Administrador:&nbsp;<\/span><font color=\"#000000\" face=\"Arial, Helvetica, sans-serif\"><span style=\"font-size: 16px;\"><b>&nbsp;&nbsp;Israel Antonio Piscil Frutis<\/b><\/span><\/font><span style=\"color: rgb(0, 0, 0); font-family: Arial, Helvetica, sans-serif; font-size: 16px; font-weight: bolder;\">.<\/span><\/p>\n<p><span style=\"color: rgb(0, 0, 0); font-family: Arial, Helvetica, sans-serif; font-size: 16px;\"><strong>Domicilio:&nbsp;<\/strong><\/span><span style=\"color: black; font-family: &quot;Aptos Narrow&quot;, sans-serif; font-size: 11pt;\">Av. Independencia Ote. No. 1101, Col. Reforma, C.P.\n50090, Toluca de Lerdo, Estado de M\u00e9xico.<\/span><\/p><p class=\"MsoNormal\"><span style=\"font-size:11.0pt;line-height:115%;font-family:\n&quot;Aptos Narrow&quot;,sans-serif;mso-fareast-font-family:&quot;Times New Roman&quot;;mso-bidi-font-family:\n&quot;Times New Roman&quot;;color:black;mso-font-kerning:0pt;mso-ligatures:none;\nmso-fareast-language:ES-MX\"><o:p><\/o:p><\/span><\/p>\n<p><span style=\"color: rgb(0, 0, 0); font-family: Arial, Helvetica, sans-serif; font-size: 16px;\"><strong>Horario:<\/strong> Lunes a viernes de 9:00 a 17:00 HRS.<\/span><strong><br style=\"color: rgb(0, 0, 0); font-family: Arial, Helvetica, sans-serif; font-size: 16px;\"><\/strong><span style=\"color: rgb(0, 0, 0); font-family: Arial, Helvetica, sans-serif; font-size: 16px;\"><strong>Tel\u00e9fonos:<\/strong>&nbsp;722 9173 231 <strong>\/<\/strong> 55 2873 3051&nbsp;<\/span><span style=\"font-weight: bolder; color: rgb(0, 0, 0); font-family: Arial, Helvetica, sans-serif; font-size: 16px;\">ext. 1211<\/span><span style=\"color: rgb(0, 0, 0); font-family: Arial, Helvetica, sans-serif; font-size: 16px;\">&nbsp;&nbsp;<\/span><\/p>\n<p><span style=\"font-weight: bolder; color: rgb(0, 0, 0); font-family: Arial, Helvetica, sans-serif; font-size: 16px;\">Correo: unetoluca@desarrollarte.mx<\/span><\/p>\n19.292322, -99.641250\n\n\n\n\n\n\n<h2>LERMA<\/h2>\n<p><span style=\"font-weight: bolder; color: rgb(0, 0, 0); font-family: Arial, Helvetica, sans-serif; font-size: 16px;\">Administradora:&nbsp;<\/span><span style=\"font-family: Arial, Helvetica, sans-serif; font-weight: bolder; color: rgb(0, 0, 0); font-size: 16px;\">Maria del Rocio Ortiz Lopez<\/span><span style=\"color: rgb(0, 0, 0); font-family: Arial, Helvetica, sans-serif; font-size: 16px; font-weight: bolder;\">.<\/span><\/p>\n<p><span style=\"color: rgb(0, 0, 0); font-family: Arial, Helvetica, sans-serif; font-size: 16px;\"><strong>Domicilio:<\/strong>&nbsp;<\/span><span style=\"font-family: Aptos, sans-serif; font-size: 12pt; color: rgb(0, 0, 0);\">Av.\nMaestra Manuela Ruiz M\u00e9ndez No.34-b, local B-9 y B-10, Col. La estaci\u00f3n,&nbsp;<\/span><span style=\"color: rgb(0, 0, 0); font-family: &quot;Aptos Narrow&quot;, sans-serif; font-size: 14.6667px;\">C.P.<\/span><span style=\"font-family: Aptos, sans-serif; font-size: 12pt; color: rgb(0, 0, 0);\">&nbsp;52006, Lerma, Estado de M\u00e9xico.<\/span><\/p>\n<p><span style=\"color: rgb(0, 0, 0); font-family: Arial, Helvetica, sans-serif; font-size: 16px;\"><strong>Horario:<\/strong> Lunes a viernes de 9:00 a 17:00 HRS.<\/span><strong><br style=\"color: rgb(0, 0, 0); font-family: Arial, Helvetica, sans-serif; font-size: 16px;\"><\/strong><span style=\"color: rgb(0, 0, 0); font-family: Arial, Helvetica, sans-serif; font-size: 16px;\"><strong>Tel\u00e9fonos:<\/strong>&nbsp;728 1195 274 <strong>\/<\/strong> 55 2873 3051&nbsp;<\/span><span style=\"font-weight: bolder; color: rgb(0, 0, 0); font-family: Arial, Helvetica, sans-serif; font-size: 16px;\">ext. 1202<\/span><span style=\"color: rgb(0, 0, 0); font-family: Arial, Helvetica, sans-serif; font-size: 16px;\">&nbsp;<\/span><\/p>\n<p><span style=\"font-weight: bolder; color: rgb(0, 0, 0); font-family: Arial, Helvetica, sans-serif; font-size: 16px;\">Correo: unelerma@desarrollarte.mx<\/span><\/p>\n19.283110, -99.518021\n\n\n\n\n\n\n<h2>TIANGUISTENCO<\/h2>\n<p><span style=\"font-weight: bolder; color: rgb(0, 0, 0); font-family: Arial, Helvetica, sans-serif; font-size: 16px;\">Administradora:&nbsp;<\/span><font color=\"#000000\" face=\"Arial, Helvetica, sans-serif\"><span style=\"font-size: 16px;\"><b>Claudia Rodr\u00edguez Osorio<\/b><\/span><\/font><span style=\"color: rgb(0, 0, 0); font-family: Arial, Helvetica, sans-serif; font-size: 16px; font-weight: bolder;\">.<\/span><\/p>\n<p><span style=\"color: rgb(0, 0, 0); font-family: Arial, Helvetica, sans-serif; font-size: 16px;\"><strong>Domicilio:<\/strong>&nbsp;<\/span><span style=\"font-family: Aptos, sans-serif; font-size: 12pt; color: rgb(0, 0, 0);\">Calle\nIgnacio Aldama No 208, Col. Centro,&nbsp;<\/span><span style=\"color: rgb(0, 0, 0); font-family: &quot;Aptos Narrow&quot;, sans-serif; font-size: 14.6667px;\">C.P.<\/span><span style=\"font-family: Aptos, sans-serif; font-size: 12pt; color: rgb(0, 0, 0);\">&nbsp;52600, Santiago Tianguistenco de\nGaleana, Estado de M\u00e9xico.<\/span><\/p>\n<p><span style=\"color: rgb(0, 0, 0); font-family: Arial, Helvetica, sans-serif; font-size: 16px;\"><strong>Horario:<\/strong> Lunes a viernes de 9:00 a 17:00 HRS.<\/span><strong><br style=\"color: rgb(0, 0, 0); font-family: Arial, Helvetica, sans-serif; font-size: 16px;\"><\/strong><span style=\"color: rgb(0, 0, 0); font-family: Arial, Helvetica, sans-serif; font-size: 16px;\"><strong>Tel\u00e9fonos:<\/strong>&nbsp;713 6883 661 <strong>\/<\/strong> 55 2873 3051&nbsp;<\/span><span style=\"font-weight: bolder; color: rgb(0, 0, 0); font-family: Arial, Helvetica, sans-serif; font-size: 16px;\">ext. 1207<\/span><span style=\"color: rgb(0, 0, 0); font-family: Arial, Helvetica, sans-serif; font-size: 16px;\">&nbsp;&nbsp;<\/span><\/p>\n<p><span style=\"font-weight: bolder; color: rgb(0, 0, 0); font-family: Arial, Helvetica, sans-serif; font-size: 16px;\">Correo: unetianguistenco@desarrollarte.mx<\/span><\/p>\n19.182488777932548, -99.46773201045325\n\n\n\n\n\n\n<h2>XONACATLAN<\/h2>\n<p><span style=\"font-weight: bolder; color: rgb(0, 0, 0); font-family: Arial, Helvetica, sans-serif; font-size: 16px;\">Administradora:&nbsp;<\/span><font color=\"#000000\" face=\"Arial, Helvetica, sans-serif\"><span style=\"font-size: 16px;\"><b>&nbsp;Jos\u00e9 Andr\u00e9s Guti\u00e9rrez Guti\u00e9rrez.<\/b><\/span><\/font><\/p>\n<p><span style=\"color: rgb(0, 0, 0); font-family: Arial, Helvetica, sans-serif; font-size: 16px;\"><strong>Domicilio:<\/strong>&nbsp;<\/span><span style=\"font-family: Aptos, sans-serif; font-size: 12pt; color: rgb(0, 0, 0);\">Francisco\nSarabia No. 54, Col. Centro, C.P. 52060, Xonacatl\u00e1n, Estado de M\u00e9xico.<\/span><\/p>\n<p><span style=\"color: rgb(0, 0, 0); font-family: Arial, Helvetica, sans-serif; font-size: 16px;\"><strong>Horario:<\/strong> Lunes a viernes de 9:00 a 17:00 HRS.<\/span><strong><br style=\"color: rgb(0, 0, 0); font-family: Arial, Helvetica, sans-serif; font-size: 16px;\"><\/strong><span style=\"color: rgb(0, 0, 0); font-family: Arial, Helvetica, sans-serif; font-size: 16px;\"><strong>Tel\u00e9fonos:<\/strong>&nbsp;719 1002 665 <strong>\/<\/strong> 55 2873 3051&nbsp;<\/span><span style=\"font-weight: bolder; color: rgb(0, 0, 0); font-family: Arial, Helvetica, sans-serif; font-size: 16px;\">ext. 1204<\/span><\/p>\n<p><span style=\"font-weight: bolder; color: rgb(0, 0, 0); font-family: Arial, Helvetica, sans-serif; font-size: 16px;\">Correo: unexonacatlan@desarrollarte.mx<\/span><\/p>\n19.40140635698771, -99.52692619299347\n\n\n\n\n\n\n<h2>tEOTIHUACAN<\/h2>\n<p><span style=\"font-weight: bolder; color: rgb(0, 0, 0); font-family: Arial, Helvetica, sans-serif; font-size: 16px;\">Administradora:&nbsp;<\/span><span style=\"font-family: Arial, Helvetica, sans-serif; font-weight: bolder; color: rgb(0, 0, 0); font-size: 16px;\">Alma Ang\u00e9lica Ortega Cervantes<\/span><span style=\"color: rgb(0, 0, 0); font-family: Arial, Helvetica, sans-serif; font-size: 16px; font-weight: bolder;\">.<\/span><\/p>\n<p><span style=\"color: rgb(0, 0, 0); font-family: Arial, Helvetica, sans-serif; font-size: 16px;\"><strong>Domicilio:&nbsp;<\/strong><\/span><font color=\"#000000\" face=\"Arial, Helvetica, sans-serif\"><span style=\"font-size: 16px;\">Calle Abasolo No. 17, Col. Centro, C.P. 55800, San Juan Teotihuacan, Estado de M\u00e9xico.<\/span><\/font><\/p><p class=\"MsoNormal\"><o:p><\/o:p><\/p>\n<p><span style=\"color: rgb(0, 0, 0); font-family: Arial, Helvetica, sans-serif; font-size: 16px;\"><strong>Horario:<\/strong> Lunes a viernes de 9:00 a 17:00 HRS.<\/span><strong><br style=\"color: rgb(0, 0, 0); font-family: Arial, Helvetica, sans-serif; font-size: 16px;\"><\/strong><span style=\"color: rgb(0, 0, 0); font-family: Arial, Helvetica, sans-serif; font-size: 16px;\"><strong>Tel\u00e9fonos:<\/strong>&nbsp;59 4108 6038 <strong>\/<\/strong> 55 2873 3051&nbsp;<\/span><span style=\"font-weight: bolder; color: rgb(0, 0, 0); font-family: Arial, Helvetica, sans-serif; font-size: 16px;\">ext. 1206<\/span><span style=\"color: rgb(0, 0, 0); font-family: Arial, Helvetica, sans-serif; font-size: 16px;\">&nbsp;&nbsp;<\/span><\/p>\n<p><span style=\"font-weight: bolder; color: rgb(0, 0, 0); font-family: Arial, Helvetica, sans-serif; font-size: 16px;\">Correo: uneteotihuacan@desarrollarte.mx<\/span><\/p>\n19.687288590477213, -98.86632019989212\n\n\n\n\n\n\n<h2>TEXCOCO<\/h2>\n<p><span style=\"font-weight: bolder; color: rgb(0, 0, 0); font-family: Arial, Helvetica, sans-serif; font-size: 16px;\">Administradora:&nbsp;<\/span><span style=\"font-family: Arial, Helvetica, sans-serif; font-weight: bolder; color: rgb(0, 0, 0); font-size: 16px;\">Rosaura Hern\u00e1ndez Lira<\/span><span style=\"color: rgb(0, 0, 0); font-family: Arial, Helvetica, sans-serif; font-size: 16px; font-weight: bolder;\">.<\/span><\/p>\n<p><span style=\"color: rgb(0, 0, 0); font-family: Arial, Helvetica, sans-serif; font-size: 16px;\"><strong>Domicilio:<\/strong>&nbsp;<\/span><span style=\"font-family: Aptos, sans-serif; font-size: 12pt; color: rgb(0, 0, 0);\">Centro\ncomercial Plaza La Morena No. 38-4, Prolongaci\u00f3n 16 de septiembre No. 310, C.P. 56100, Texcoco, Estado de M\u00e9xico.<\/span><\/p>\n<p><span style=\"color: rgb(0, 0, 0); font-family: Arial, Helvetica, sans-serif; font-size: 16px;\"><strong>Horario:<\/strong> Lunes a viernes de 9:00 a 17:00 HRS.<\/span><strong><br style=\"color: rgb(0, 0, 0); font-family: Arial, Helvetica, sans-serif; font-size: 16px;\"><\/strong><span style=\"color: rgb(0, 0, 0); font-family: Arial, Helvetica, sans-serif; font-size: 16px;\"><strong>Tel\u00e9fonos:<\/strong>&nbsp;59 5913 3449 <strong>\/<\/strong> 55 2873 3051&nbsp;<\/span><span style=\"font-weight: bolder; color: rgb(0, 0, 0); font-family: Arial, Helvetica, sans-serif; font-size: 16px;\">ext. 1210<\/span><\/p>\n<p><span style=\"font-weight: bolder; color: rgb(0, 0, 0); font-family: Arial, Helvetica, sans-serif; font-size: 16px;\">Correo: unetexcoco@desarrollarte.mx<\/span><\/p>\n19.51864868356376, -98.87981631743563\n\n\n\n\n\n\n<h2>URUAPAN<\/h2>\n<p><span style=\"font-weight: bolder; color: rgb(0, 0, 0); font-family: Arial, Helvetica, sans-serif; font-size: 16px;\">Administradora:&nbsp;<\/span><span style=\"font-family: Arial, Helvetica, sans-serif; font-weight: bolder; color: rgb(0, 0, 0); font-size: 16px;\">Ariadna Jacqueline Amezcua Flores<\/span><span style=\"color: rgb(0, 0, 0); font-family: Arial, Helvetica, sans-serif; font-size: 16px; font-weight: bolder;\">.<\/span><\/p>\n<p><span style=\"color: rgb(0, 0, 0); font-family: Arial, Helvetica, sans-serif; font-size: 16px;\"><strong>Domicilio:<\/strong>&nbsp;<\/span><span style=\"font-size: 16px; color: rgb(0, 0, 0); font-family: Aptos, sans-serif;\">Pasaje Mart\u00ednez Altos No. 102, Altos, Col. Centro, C.P. 60000, Uruapan, Michoac\u00e1n.<\/span><\/p>\n<p><span style=\"color: rgb(0, 0, 0); font-family: Arial, Helvetica, sans-serif; font-size: 16px;\"><strong>Horario:<\/strong> Lunes a viernes de 9:00 a 17:00 HRS.<\/span><strong><br style=\"color: rgb(0, 0, 0); font-family: Arial, Helvetica, sans-serif; font-size: 16px;\"><\/strong><span style=\"color: rgb(0, 0, 0); font-family: Arial, Helvetica, sans-serif; font-size: 16px;\"><strong>Tel\u00e9fonos:<\/strong>&nbsp;452 5273 063 <strong>\/<\/strong> 55 2873 3051&nbsp;<\/span><span style=\"font-weight: bolder; color: rgb(0, 0, 0); font-family: Arial, Helvetica, sans-serif; font-size: 16px;\">ext. 1201<\/span><span style=\"color: rgb(0, 0, 0); font-family: Arial, Helvetica, sans-serif; font-size: 16px;\">&nbsp;<\/span><\/p>\n<p><span style=\"font-weight: bolder; color: rgb(0, 0, 0); font-family: Arial, Helvetica, sans-serif; font-size: 16px;\">Correo: uneuruapan@desarrollarte.mx<\/span><\/p>\n19.41997902587888, -102.06197244516004\n\n\n\n\n\n\n<h2>MINATITLAN<\/h2>\n<p><span style=\"font-weight: bolder; color: rgb(0, 0, 0); font-family: Arial, Helvetica, sans-serif; font-size: 16px;\">Administradora:&nbsp;<\/span><span style=\"font-family: Arial, Helvetica, sans-serif; font-weight: bolder; color: rgb(0, 0, 0); font-size: 16px;\">Lizeth L\u00e1zaro S\u00e1nchez<\/span><span style=\"color: rgb(0, 0, 0); font-family: Arial, Helvetica, sans-serif; font-size: 16px; font-weight: bolder;\">.<\/span><\/p>\n<p><span style=\"color: rgb(0, 0, 0); font-family: Arial, Helvetica, sans-serif; font-size: 16px;\"><strong>Domicilio:<\/strong>&nbsp;<\/span><span style=\"font-family: &quot;Aptos Narrow&quot;, sans-serif; font-size: 11pt; color: rgb(0, 0, 0);\">Justo Sierra No. 7b, Col. Centro, C.P. 96700,\nMinatitl\u00e1n, Veracruz.<\/span><\/p>\n<p><span style=\"color: rgb(0, 0, 0); font-family: Arial, Helvetica, sans-serif; font-size: 16px;\"><strong>Horario:<\/strong> Lunes a viernes de 9:00 a 17:00 HRS.<\/span><strong><br style=\"color: rgb(0, 0, 0); font-family: Arial, Helvetica, sans-serif; font-size: 16px;\"><\/strong><span style=\"color: rgb(0, 0, 0); font-family: Arial, Helvetica, sans-serif; font-size: 16px;\"><strong>Tel\u00e9fonos:<\/strong>&nbsp;922 2029 386 <strong>\/<\/strong> 55 2873 3051&nbsp;<\/span><span style=\"font-weight: bolder; color: rgb(0, 0, 0); font-family: Arial, Helvetica, sans-serif; font-size: 16px;\">ext. 1212<\/span><span style=\"color: rgb(0, 0, 0); font-family: Arial, Helvetica, sans-serif; font-size: 16px;\">&nbsp;&nbsp;<\/span><\/p>\n<p><span style=\"font-weight: bolder; color: rgb(0, 0, 0); font-family: Arial, Helvetica, sans-serif; font-size: 16px;\">Correo: uneminatitlan@desarrollarte.mx<\/span><\/p>\n17.986704012955553, -94.54684631263392\n\n\n\n\n\n\n<h2>PAPANTLA<\/h2>\n<p><span style=\"font-weight: bolder; color: rgb(0, 0, 0); font-family: Arial, Helvetica, sans-serif; font-size: 16px;\">Administradora:&nbsp;<\/span><span style=\"font-family: Arial, Helvetica, sans-serif; font-weight: bolder; color: rgb(0, 0, 0); font-size: 16px;\">Abigail Valencia Bernab\u00e9.<\/span><\/p>\n<p><span style=\"color: rgb(0, 0, 0); font-family: Arial, Helvetica, sans-serif; font-size: 16px;\"><strong>Domicilio:<\/strong>&nbsp;<\/span><span style=\"font-family: Aptos, sans-serif; font-size: 12pt; color: rgb(0, 0, 0);\">Aquiles\nSerd\u00e1n No. 500 esquina Galeana, Col. Centro,&nbsp;<\/span><span style=\"color: rgb(0, 0, 0); font-family: &quot;Aptos Narrow&quot;, sans-serif; font-size: 14.6667px;\">C.P.<\/span><span style=\"font-family: Aptos, sans-serif; font-size: 12pt; color: rgb(0, 0, 0);\">&nbsp;93400, Papantla de Olarte,\nVeracruz.<\/span><\/p>\n<p><span style=\"color: rgb(0, 0, 0); font-family: Arial, Helvetica, sans-serif; font-size: 16px;\"><strong>Horario:<\/strong> Lunes a viernes de 9:00 a 17:00 HRS.<\/span><strong><br style=\"color: rgb(0, 0, 0); font-family: Arial, Helvetica, sans-serif; font-size: 16px;\"><\/strong><span style=\"color: rgb(0, 0, 0); font-family: Arial, Helvetica, sans-serif; font-size: 16px;\"><strong>Tel\u00e9fonos:<\/strong>&nbsp;784 6882 891 <strong>\/<\/strong> 55 2873 3051&nbsp;<\/span><span style=\"font-weight: bolder; color: rgb(0, 0, 0); font-family: Arial, Helvetica, sans-serif; font-size: 16px;\">ext. 1203<\/span><span style=\"color: rgb(0, 0, 0); font-family: Arial, Helvetica, sans-serif; font-size: 16px;\">&nbsp;<\/span><\/p>\n<p><span style=\"font-weight: bolder; color: rgb(0, 0, 0); font-family: Arial, Helvetica, sans-serif; font-size: 16px;\">Correo: unepapantla@desarrollarte.mx<\/span><\/p>\n20.44750439009543, -97.32444664787602\n\n\n\n\n\n\n<h2>POZA RICA<\/h2>\n<p><span style=\"font-weight: bolder; color: rgb(0, 0, 0); font-family: Arial, Helvetica, sans-serif; font-size: 16px;\">Administradora: Heldai Sanchez Aquino.<\/span><\/p>\n<p><span style=\"color: rgb(0, 0, 0); font-family: Arial, Helvetica, sans-serif; font-size: 16px;\"><strong>Domicilio:<\/strong>&nbsp;<\/span><span style=\"font-family: Aptos, sans-serif; font-size: 12pt; color: rgb(0, 0, 0);\">Av.\n8 norte No. 22, primer piso loc. 1, Col. Obrera, C.P. 93260, Poza Rica de\nHidalgo, Veracruz.<\/span><\/p>\n<p><span style=\"color: rgb(0, 0, 0); font-family: Arial, Helvetica, sans-serif; font-size: 16px;\"><strong>Horario:<\/strong> Lunes a viernes de 9:00 a 17:00 HRS.<\/span><strong><br style=\"color: rgb(0, 0, 0); font-family: Arial, Helvetica, sans-serif; font-size: 16px;\"><\/strong><span style=\"color: rgb(0, 0, 0); font-family: Arial, Helvetica, sans-serif; font-size: 16px;\"><strong>Tel\u00e9fonos:<\/strong>&nbsp;782 3210 237 <strong>\/<\/strong> 55 2873 3051&nbsp;<\/span><span style=\"font-weight: bolder; color: rgb(0, 0, 0); font-family: Arial, Helvetica, sans-serif; font-size: 16px;\">ext. 1208<\/span><span style=\"color: rgb(0, 0, 0); font-family: Arial, Helvetica, sans-serif; font-size: 16px;\">&nbsp;&nbsp;<\/span><\/p>\n<p><span style=\"font-weight: bolder; color: rgb(0, 0, 0); font-family: Arial, Helvetica, sans-serif; font-size: 16px;\">Correo: unepozarica@desarrollarte.mx<\/span><\/p>\n20.52694515471208, -97.4603613448018\n\n\n\n\n\n\n<h2>PLAYA DEL CARMEN<\/h2>\n<p><span style=\"font-weight: bolder; color: rgb(0, 0, 0); font-family: Arial, Helvetica, sans-serif; font-size: 16px;\">Administradora: Tatiana Villajuana Camargo.<\/span><\/p>\n<p><span style=\"color: rgb(0, 0, 0); font-family: Arial, Helvetica, sans-serif; font-size: 16px;\"><strong>Domicilio:<\/strong>&nbsp;30 Avenida norte s\/n, Lt. 009 Mz. 034 Esq. Constituyentes<\/span><span style=\"font-family: Aptos, sans-serif; font-size: 12pt; color: rgb(0, 0, 0);\">, primer piso, Col. Gonzalo Guerrero, C.P. 77720, Playa del Carmen, Q.R.<\/span><\/p>\n<p><span style=\"color: rgb(0, 0, 0); font-family: Arial, Helvetica, sans-serif; font-size: 16px;\"><strong>Horario:<\/strong> Lunes a viernes de 9:00 a 17:00 HRS.<\/span><strong><br style=\"color: rgb(0, 0, 0); font-family: Arial, Helvetica, sans-serif; font-size: 16px;\"><\/strong><span style=\"color: rgb(0, 0, 0); font-family: Arial, Helvetica, sans-serif; font-size: 16px;\"><strong>Tel\u00e9fonos:<\/strong>&nbsp;984 176 7296&nbsp;<strong>\/<\/strong> 55 2873 3051&nbsp;<\/span><span style=\"font-weight: bolder; color: rgb(0, 0, 0); font-family: Arial, Helvetica, sans-serif; font-size: 16px;\">ext. 1213<\/span><span style=\"color: rgb(0, 0, 0); font-family: Arial, Helvetica, sans-serif; font-size: 16px;\">&nbsp;&nbsp;<\/span><\/p>\n<p><span style=\"font-weight: bolder; color: rgb(0, 0, 0); font-family: Arial, Helvetica, sans-serif; font-size: 16px;\">Correo: uneplaya@desarrollarte.mx<\/span><\/p>\n20.632863, -87.074064\n\n\n\n\n\n\n","protected":false},"excerpt":{"rendered":"","protected":false},"author":1,"featured_media":0,"parent":0,"menu_order":4,"comment_status":"closed","ping_status":"closed","template":"","meta":{"pagelayer_contact_templates":[],"_pagelayer_content":"","footnotes":""},"class_list":["post-89","page","type-page","status-publish","hentry"],"_links":{"self":[{"href":"https:\/\/desarrollarte.mx\/inicio\/wp-json\/wp\/v2\/pages\/89","targetHints":{"allow":["GET"]}}],"collection":[{"href":"https:\/\/desarrollarte.mx\/inicio\/wp-json\/wp\/v2\/pages"}],"about":[{"href":"https:\/\/desarrollarte.mx\/inicio\/wp-json\/wp\/v2\/types\/page"}],"author":[{"embeddable":true,"href":"https:\/\/desarrollarte.mx\/inicio\/wp-json\/wp\/v2\/users\/1"}],"replies":[{"embeddable":true,"href":"https:\/\/desarrollarte.mx\/inicio\/wp-json\/wp\/v2\/comments?post=89"}],"version-history":[{"count":117,"href":"https:\/\/desarrollarte.mx\/inicio\/wp-json\/wp\/v2\/pages\/89\/revisions"}],"predecessor-version":[{"id":1195,"href":"https:\/\/desarrollarte.mx\/inicio\/wp-json\/wp\/v2\/pages\/89\/revisions\/1195"}],"wp:attachment":[{"href":"https:\/\/desarrollarte.mx\/inicio\/wp-json\/wp\/v2\/media?parent=89"}],"curies":[{"name":"wp","href":"https:\/\/api.w.org\/{rel}","templated":true}]}}