{"id":67,"date":"2025-10-29T23:34:55","date_gmt":"2025-10-30T05:34:55","guid":{"rendered":"https:\/\/desarrollarte.mx\/inicio\/services\/"},"modified":"2026-02-10T18:30:53","modified_gmt":"2026-02-11T00:30:53","slug":"servicios","status":"publish","type":"page","link":"https:\/\/desarrollarte.mx\/inicio\/servicios\/","title":{"rendered":"Servicios"},"content":{"rendered":"\n\n\n\n\n\n\n\n<h2>Servicios Financieros<\/h2>\n<h6>Ponemos a tu disposici\u00f3n los siguientes servicios integrales as\u00ed como los requisitos para obtener el que m\u00e1s se adapte a tus necesidades.<\/h6>\n\n\n\n\n\n\n\n<h2>Cr\u00e9dito Individual<\/h2>\nCon montos desde <strong style=\"color: #fa830f;\">$5,000.00<\/strong> hasta <strong style=\"color: #fa830f;\">$1,500,000.00 MXN<\/strong> y plazos de 4 a 12 meses.\nRequisitos:\n\nEdad de 25 a 79 a\u00f1os\nNegocio propio\nIdentificaci\u00f3n Oficial (INE)\nComprobante de domicilio\nTel\u00e9fono de contacto\nEvaluaci\u00f3n crediticia\n<strong>*Tasa de inter\u00e9s anual fija 78.00%<\/strong>\n\n\n\n\n\n\n\n\n<h2>Cr\u00e9dito Productivo<\/h2>\nPrestamos desde <strong style=\"color: #fa830f;\">$10,000.00<\/strong> hasta <strong style=\"color: #fa830f;\">$250,000.00 MXN<\/strong> y plazos de 16 a 24 semanas.\nRequisitos:\n\nConsolidar un grupo de 6 personas <br>de la misma comunidad\nEdad de 20 a 79 a\u00f1os\nNegocio propio\nIdentificaci\u00f3n Oficial (INE)\nComprobante de domicilio\nTel\u00e9fono de contacto\nEvaluaci\u00f3n crediticia\n<strong>*Tasa de inter\u00e9s anual fija 96.00%&nbsp;<\/strong>\n\n\n\n\n\n\n\n\n\n\n\n\n<p>*Al contratar un cr\u00e9dito con nosotros ser\u00e1s beneficiario de un seguro de vida (obligatorio).<\/p>\n\n\n\n\n<p><span style=\"color: #00235a;\">\u2022 Seguro vida titular:<\/span> $25,000.00 MXN en caso de fallecimiento del titular asegurado.<sup>1<\/sup><\/p>\n<p><span style=\"color: #00235a;\">\u2022 Seguro vida pareja:<\/span> $25,000.00 MXN en caso de fallecimiento de la pareja.<sup>2<\/sup><\/p>\n<p><span style=\"color: #00235a;\">\u2022 Seguro vida hijo (s):<\/span> $25,000.00 MXN en caso de fallecimiento de hijo (s).<sup>3<\/sup><\/p>\n<p><span style=\"color: #00235a;\">\u2022 Seguro hospitalario:&nbsp;<\/span> $500.00 MXN por cada d\u00eda hospitalizado del titular asegurado.<sup>4<\/sup><\/p>\n\n\n\n\n\n\n<p>El consentimiento ser\u00e1 otorgado de forma expresa mediante la firma del contrato, en el cual se establece que el cliente podr\u00e1 optar por contratar los servicios de <span style=\"color: #00235a;\">DESARROLLARTE<\/span> o de una aseguradora de su preferencia.<\/p>\n<p>En caso de <span style=\"color: #00235a;\">no<\/span> contratar el seguro de vida, se corre el riesgo que, en caso de muerte del cliente, subsista un saldo insoluto en perjuicio de la instituci\u00f3n financiera. La instituci\u00f3n financiera que otorga el cr\u00e9dito puede contratar los seguros a nombre del <span style=\"color: #00235a;\">ACREDITADO.<\/span><\/p>\n\n\n\n\n\n\n<p style=\"text-align: justify;\"><sup>1<\/sup> Edad de aceptaci\u00f3n fallecimiento: <span style=\"color: #00235a;\"><strong>18 a 80 a\u00f1os<\/strong><\/span> con cancelaci\u00f3n a los 81 a\u00f1os cumplidos. <span style=\"color: #00235a;\"><strong>No se cubre suicidio o tentativa de suicidio.<\/strong><\/span> Se cubre la deuda del titular asegurado <span style=\"color: #00235a;\"><strong>hasta un monto m\u00e1ximo de $100,000 pesos<\/strong><\/span> en caso de fallecimiento o Incapacidad Total y Permanente. Edad aceptada Incapacidad: 18 a 64 a\u00f1os con cancelaci\u00f3n a los 65 a\u00f1os cumplidos.<\/p>\n<p style=\"text-align: justify;\"><sup>2<\/sup> Edad de aceptaci\u00f3n: <span style=\"color: #00235a;\"><strong>18 a 80 a\u00f1os<\/strong><\/span> con cancelaci\u00f3n a los 81 a\u00f1os cumplidos. <span style=\"color: #00235a;\"><strong>No se cubre suicidio o tentativa de suicidio.<\/strong><\/span><\/p>\n<p style=\"text-align: justify;\"><sup>3<\/sup> Edad de aceptaci\u00f3n: <span style=\"color: #00235a;\"><strong>0 a 24 a\u00f1os<\/strong><\/span> con cancelaci\u00f3n a los 25 a\u00f1os cumplidos, solteros y dependientes econ\u00f3micos del titular asegurado. <span style=\"color: #00235a;\"><strong>No se cubre suicidio o tentativa de suicidio.<\/strong><\/span><\/p>\n<p style=\"text-align: justify;\" =\"\"=\"\"><sup>4<\/sup> Edad de aceptaci\u00f3n: <span style=\"color: #00235a;\"><strong>18 a 75 a\u00f1os<\/strong><\/span> con cancelaci\u00f3n a los 76 a\u00f1os cumplidos. <span style=\"color: #00235a;\"><strong>Topado a 15 d\u00edas.<\/strong><\/span> No se cubren hospitalizaciones por embarazo, uso de drogas, alcohol o enfermedades mentales. Aplica t\u00e9rminos y condiciones de la p\u00f3liza de seguros.<\/p><p><\/p>\n\n\n\n\n\n\n<p>&#8211; Los productos ofertados en la Ciudad de M\u00e9xico, Estado de M\u00e9xico, Veracruz y&nbsp; Michoac\u00e1n&nbsp; se manejan&nbsp; en&nbsp; Pesos&nbsp; MXM&nbsp; M.N.&nbsp;<\/p>\n<p><strong style=\"color: rgb(97, 97, 97); font-family: Poppins;\">&#8211; Incumplir tus obligaciones te puede generar Comisiones e intereses moratorios.<\/strong><\/p><p><strong>&#8211; Contratar cr\u00e9ditos que excedan tu capacidad de pago afecta tu historial crediticio.<\/strong><\/p><p><strong>&#8211; El avalista, obligado solidario o co-acreditado responder\u00e1 como obligado principal por el total del pago frente a la Entidad Financiera.<\/strong><\/p>\n\n\n\n\n\n\n<p><span style=\"color: #00235a;\">\u2022 Cr\u00e9dito individual:<\/span>&nbsp;Tasa de inter\u00e9s anual ordinaria fija: <span style=\"color: #00235a;\"><strong>\n78.00%<\/strong><\/span>&nbsp;<br>*El calculo de los intereses ordinarios se calculara sobre saldos insolutos de cr\u00e9dito.<\/p>\n<p><span style=\"color: rgb(0, 35, 90);\">\u2022 Cr\u00e9dito productivo:&nbsp;<\/span>Tasa de inter\u00e9s anual ordinaria fija: <span style=\"color: #00235a;\"><strong>\n96.00%<\/strong><\/span><br>*El calculo de los intereses ordinarios se calculara sobre saldos insolutos de cr\u00e9dito.<\/p>\n\n\n\n\n\n\n<p><span style=\"color: #00235a;\"> Cr\u00e9dito individual:<\/span> Promedio&nbsp;<strong style=\"color: rgb(0, 35, 90); text-align: justify;\">382.7% Sin IVA <\/strong><span style=\"color: rgb(0, 35, 90); text-align: justify;\">&nbsp;<\/span><\/p>\n<p><span style=\"color: #00235a;\"> Cr\u00e9dito Grupal:<\/span> Promedio&nbsp;<strong style=\"color: rgb(0, 35, 90); text-align: justify;\">253.7% Sin IVA <\/strong><span style=\"color: rgb(0, 35, 90); text-align: justify;\">&nbsp;<\/span><\/p>\n\n\n\n\n\n\n<p style=\"text-align: justify;\"><span style=\"color: #00235a;\"><strong>$8.62 (ocho pesos 62\/100 M.N.)<\/strong><\/span> por reposici\u00f3n de medios de disposici\u00f3n a los \u00abACREDITADOS\u00bb que soliciten la reexpedici\u00f3n de cheques o emisi\u00f3n de una nueva orden de pago <span style=\"color: #00235a;\"><strong>(por evento).<\/strong><\/span><\/p>\n\n\n\n\n\n\n\n\n\n\n\n\n\n","protected":false},"excerpt":{"rendered":"","protected":false},"author":1,"featured_media":0,"parent":0,"menu_order":3,"comment_status":"closed","ping_status":"closed","template":"","meta":{"pagelayer_contact_templates":[],"_pagelayer_content":"","footnotes":""},"class_list":["post-67","page","type-page","status-publish","hentry"],"_links":{"self":[{"href":"https:\/\/desarrollarte.mx\/inicio\/wp-json\/wp\/v2\/pages\/67","targetHints":{"allow":["GET"]}}],"collection":[{"href":"https:\/\/desarrollarte.mx\/inicio\/wp-json\/wp\/v2\/pages"}],"about":[{"href":"https:\/\/desarrollarte.mx\/inicio\/wp-json\/wp\/v2\/types\/page"}],"author":[{"embeddable":true,"href":"https:\/\/desarrollarte.mx\/inicio\/wp-json\/wp\/v2\/users\/1"}],"replies":[{"embeddable":true,"href":"https:\/\/desarrollarte.mx\/inicio\/wp-json\/wp\/v2\/comments?post=67"}],"version-history":[{"count":88,"href":"https:\/\/desarrollarte.mx\/inicio\/wp-json\/wp\/v2\/pages\/67\/revisions"}],"predecessor-version":[{"id":1144,"href":"https:\/\/desarrollarte.mx\/inicio\/wp-json\/wp\/v2\/pages\/67\/revisions\/1144"}],"wp:attachment":[{"href":"https:\/\/desarrollarte.mx\/inicio\/wp-json\/wp\/v2\/media?parent=67"}],"curies":[{"name":"wp","href":"https:\/\/api.w.org\/{rel}","templated":true}]}}